{"id":11,"date":"2017-07-11T08:54:31","date_gmt":"2017-07-11T08:54:31","guid":{"rendered":"http:\/\/serwer1749088.home.pl\/autoinstalator\/wordpressplugins7\/?page_id=11"},"modified":"2026-04-20T19:18:11","modified_gmt":"2026-04-20T17:18:11","slug":"home","status":"publish","type":"page","link":"http:\/\/fkpro.pl\/","title":{"rendered":"G\u0142\u00f3wna"},"content":{"rendered":"\t\t<div data-elementor-type=\"wp-post\" data-elementor-id=\"11\" class=\"elementor elementor-11\" data-elementor-settings=\"[]\">\n\t\t\t<div class=\"elementor-inner\">\n\t\t\t\t<div class=\"elementor-section-wrap\">\n\t\t\t\t\t\t\t<section class=\"elementor-element elementor-element-a56caa9 elementor-section-boxed elementor-section-height-default elementor-section-height-default elementor-section elementor-top-section\" data-id=\"a56caa9\" data-element_type=\"section\">\n\t\t\t\t\t\t<div class=\"elementor-container elementor-column-gap-default\">\n\t\t\t\t<div class=\"elementor-row\">\n\t\t\t\t<div class=\"elementor-element elementor-element-f266f92 elementor-column elementor-col-100 elementor-top-column\" data-id=\"f266f92\" data-element_type=\"column\">\n\t\t\t<div class=\"elementor-column-wrap  elementor-element-populated\">\n\t\t\t\t\t<div class=\"elementor-widget-wrap\">\n\t\t\t\t<div class=\"elementor-element elementor-element-b6d1347 elementor-widget elementor-widget-text-editor\" data-id=\"b6d1347\" data-element_type=\"widget\" data-widget_type=\"text-editor.default\">\n\t\t\t\t<div class=\"elementor-widget-container\">\n\t\t\t\t\t<div class=\"elementor-text-editor elementor-clearfix\"><p style=\"padding-left: 40px;\"><span style=\"color: #ffcc00; font-size: 35px;\">Zapraszamy na wycieczk\u0119 z nami do pi\u0119knego Mu\u017cakowa ju\u017c 20.06.2026r <\/span><\/p><p><span style=\"color: #ffcc00;\"><span style=\"font-size: 35px;\">Wi\u0119cej informacji poni\u017cej<\/span><span style=\"font-size: 35px;\">\u00a0<\/span><\/span><\/p><\/div>\n\t\t\t\t<\/div>\n\t\t\t\t<\/div>\n\t\t\t\t<div class=\"elementor-element elementor-element-fad9eaa elementor-widget elementor-widget-button\" data-id=\"fad9eaa\" data-element_type=\"widget\" data-widget_type=\"button.default\">\n\t\t\t\t<div class=\"elementor-widget-container\">\n\t\t\t\t\t<div class=\"elementor-button-wrapper\">\n\t\t\t<a href=\"https:\/\/malvatravel.pl\/sklep\/wycieczki-indywidualne\/park-muzakowski-20-06-2026r\/?fbclid=IwdGRjcARTO9ZleHRuA2FlbQIxMQBzcnRjBmFwcF9pZAo2NjI4NTY4Mzc5AAEeD6ARE_QS-bs718psCfJAsA60HwGB6_S3__8j3lxMHGYiOW3wgWUGO5D7oxQ_aem_8U8BLUFCiGMAEGmkZ1NIRA\" class=\"elementor-button-link elementor-button elementor-size-sm\" role=\"button\">\n\t\t\t\t\t\t<span class=\"elementor-button-content-wrapper\">\n\t\t\t\t\t\t<span class=\"elementor-button-text\">MU\u017bAK\u00d3W 20.06.2026r.<\/span>\n\t\t<\/span>\n\t\t\t\t\t<\/a>\n\t\t<\/div>\n\t\t\t\t<\/div>\n\t\t\t\t<\/div>\n\t\t\t\t<div class=\"elementor-element elementor-element-daf6ac5 elementor-widget elementor-widget-button\" data-id=\"daf6ac5\" data-element_type=\"widget\" data-widget_type=\"button.default\">\n\t\t\t\t<div class=\"elementor-widget-container\">\n\t\t\t\t\t<div class=\"elementor-button-wrapper\">\n\t\t\t<a href=\"http:\/\/fkpro.pl\/wp-content\/uploads\/2024\/11\/Cennik-grudzien-2024.pdf\" class=\"elementor-button-link elementor-button elementor-size-sm\" role=\"button\">\n\t\t\t\t\t\t<span class=\"elementor-button-content-wrapper\">\n\t\t\t\t\t\t<span class=\"elementor-button-text\">NOWY CENNIK POBIERZ<\/span>\n\t\t<\/span>\n\t\t\t\t\t<\/a>\n\t\t<\/div>\n\t\t\t\t<\/div>\n\t\t\t\t<\/div>\n\t\t\t\t\t\t<\/div>\n\t\t\t<\/div>\n\t\t<\/div>\n\t\t\t\t\t\t<\/div>\n\t\t\t<\/div>\n\t\t<\/section>\n\t\t\t\t<section class=\"elementor-element elementor-element-rlgh7v6 elementor-section-boxed elementor-section-height-default elementor-section-height-default elementor-section elementor-top-section\" data-id=\"rlgh7v6\" data-element_type=\"section\" data-settings=\"{&quot;background_background&quot;:&quot;classic&quot;}\">\n\t\t\t\t\t\t\t<div class=\"elementor-background-overlay\"><\/div>\n\t\t\t\t\t\t\t<div class=\"elementor-container elementor-column-gap-default\">\n\t\t\t\t<div class=\"elementor-row\">\n\t\t\t\t<div class=\"elementor-element elementor-element-teyzpiw elementor-column elementor-col-100 elementor-top-column\" data-id=\"teyzpiw\" data-element_type=\"column\">\n\t\t\t<div class=\"elementor-column-wrap  elementor-element-populated\">\n\t\t\t\t\t<div class=\"elementor-widget-wrap\">\n\t\t\t\t<div class=\"elementor-element elementor-element-9g3dbfz elementor-widget elementor-widget-heading\" data-id=\"9g3dbfz\" data-element_type=\"widget\" data-widget_type=\"heading.default\">\n\t\t\t\t<div class=\"elementor-widget-container\">\n\t\t\t<h1 class=\"elementor-heading-title elementor-size-default\">Profesjonalne przewozy pasa\u017cerskie<\/h1>\t\t<\/div>\n\t\t\t\t<\/div>\n\t\t\t\t<div class=\"elementor-element elementor-element-3ta1vne elementor-widget elementor-widget-heading\" data-id=\"3ta1vne\" data-element_type=\"widget\" data-widget_type=\"heading.default\">\n\t\t\t\t<div class=\"elementor-widget-container\">\n\t\t\t<div class=\"elementor-heading-title elementor-size-small\">Specjalizujemy si\u0119 w transporcie krajowym i zagranicznym spe\u0142niaj\u0105c wszelkie standardy <\/div>\t\t<\/div>\n\t\t\t\t<\/div>\n\t\t\t\t<section class=\"elementor-element elementor-element-te9nkrx elementor-section-boxed elementor-section-height-default elementor-section-height-default elementor-section elementor-inner-section\" data-id=\"te9nkrx\" data-element_type=\"section\">\n\t\t\t\t\t\t<div class=\"elementor-container elementor-column-gap-default\">\n\t\t\t\t<div class=\"elementor-row\">\n\t\t\t\t<div class=\"elementor-element elementor-element-bg040mr elementor-column elementor-col-50 elementor-inner-column\" data-id=\"bg040mr\" data-element_type=\"column\">\n\t\t\t<div class=\"elementor-column-wrap  elementor-element-populated\">\n\t\t\t\t\t<div class=\"elementor-widget-wrap\">\n\t\t\t\t<div class=\"elementor-element elementor-element-jcosod9 elementor-align-right elementor-mobile-align-center elementor-widget elementor-widget-button\" data-id=\"jcosod9\" data-element_type=\"widget\" data-widget_type=\"button.default\">\n\t\t\t\t<div class=\"elementor-widget-container\">\n\t\t\t\t\t<div class=\"elementor-button-wrapper\">\n\t\t\t<a href=\"#kontakt\" class=\"elementor-button-link elementor-button elementor-size-md\" role=\"button\">\n\t\t\t\t\t\t<span class=\"elementor-button-content-wrapper\">\n\t\t\t\t\t\t<span class=\"elementor-button-text\">Skontaktuj si\u0119 z nami<\/span>\n\t\t<\/span>\n\t\t\t\t\t<\/a>\n\t\t<\/div>\n\t\t\t\t<\/div>\n\t\t\t\t<\/div>\n\t\t\t\t\t\t<\/div>\n\t\t\t<\/div>\n\t\t<\/div>\n\t\t\t\t<div class=\"elementor-element elementor-element-gaa7mfo elementor-column elementor-col-50 elementor-inner-column\" data-id=\"gaa7mfo\" data-element_type=\"column\">\n\t\t\t<div class=\"elementor-column-wrap  elementor-element-populated\">\n\t\t\t\t\t<div class=\"elementor-widget-wrap\">\n\t\t\t\t<div class=\"elementor-element elementor-element-ybbtq9h elementor-align-left elementor-button-info elementor-mobile-align-center elementor-widget elementor-widget-button\" data-id=\"ybbtq9h\" data-element_type=\"widget\" data-widget_type=\"button.default\">\n\t\t\t\t<div class=\"elementor-widget-container\">\n\t\t\t\t\t<div class=\"elementor-button-wrapper\">\n\t\t\t<a href=\"https:\/\/www.facebook.com\/FKPROBUS\/\" class=\"elementor-button-link elementor-button elementor-size-md\" role=\"button\">\n\t\t\t\t\t\t<span class=\"elementor-button-content-wrapper\">\n\t\t\t\t\t\t<span class=\"elementor-button-icon elementor-align-icon-left\">\n\t\t\t\t<i aria-hidden=\"true\" class=\"fab fa-facebook\"><\/i>\t\t\t<\/span>\n\t\t\t\t\t\t<span class=\"elementor-button-text\">Facebook- polub nas<\/span>\n\t\t<\/span>\n\t\t\t\t\t<\/a>\n\t\t<\/div>\n\t\t\t\t<\/div>\n\t\t\t\t<\/div>\n\t\t\t\t\t\t<\/div>\n\t\t\t<\/div>\n\t\t<\/div>\n\t\t\t\t\t\t<\/div>\n\t\t\t<\/div>\n\t\t<\/section>\n\t\t\t\t\t\t<\/div>\n\t\t\t<\/div>\n\t\t<\/div>\n\t\t\t\t\t\t<\/div>\n\t\t\t<\/div>\n\t\t<\/section>\n\t\t\t\t<section class=\"elementor-element elementor-element-tbustar elementor-section-boxed elementor-section-height-default elementor-section-height-default elementor-section elementor-top-section\" data-id=\"tbustar\" data-element_type=\"section\" data-settings=\"{&quot;background_background&quot;:&quot;classic&quot;}\">\n\t\t\t\t\t\t<div class=\"elementor-container elementor-column-gap-default\">\n\t\t\t\t<div class=\"elementor-row\">\n\t\t\t\t<div class=\"elementor-element elementor-element-sh3e4mw elementor-column elementor-col-100 elementor-top-column\" data-id=\"sh3e4mw\" data-element_type=\"column\">\n\t\t\t<div class=\"elementor-column-wrap  elementor-element-populated\">\n\t\t\t\t\t<div class=\"elementor-widget-wrap\">\n\t\t\t\t<section class=\"elementor-element elementor-element-46gcfcg elementor-section-boxed elementor-section-height-default elementor-section-height-default elementor-section elementor-inner-section\" data-id=\"46gcfcg\" data-element_type=\"section\">\n\t\t\t\t\t\t<div class=\"elementor-container elementor-column-gap-default\">\n\t\t\t\t<div class=\"elementor-row\">\n\t\t\t\t<div class=\"elementor-element elementor-element-aj99fgl elementor-column elementor-col-50 elementor-inner-column\" data-id=\"aj99fgl\" data-element_type=\"column\">\n\t\t\t<div class=\"elementor-column-wrap  elementor-element-populated\">\n\t\t\t\t\t<div class=\"elementor-widget-wrap\">\n\t\t\t\t<div class=\"elementor-element elementor-element-u0nt8dz elementor-widget elementor-widget-heading\" data-id=\"u0nt8dz\" data-element_type=\"widget\" data-widget_type=\"heading.default\">\n\t\t\t\t<div class=\"elementor-widget-container\">\n\t\t\t<h2 class=\"elementor-heading-title elementor-size-default\">O nas<\/h2>\t\t<\/div>\n\t\t\t\t<\/div>\n\t\t\t\t<div class=\"elementor-element elementor-element-33zc0a8 elementor-widget elementor-widget-text-editor\" data-id=\"33zc0a8\" data-element_type=\"widget\" data-widget_type=\"text-editor.default\">\n\t\t\t\t<div class=\"elementor-widget-container\">\n\t\t\t\t\t<div class=\"elementor-text-editor elementor-clearfix\"><p><span style=\"vertical-align: inherit;\"><span style=\"vertical-align: inherit;\">Jeste\u015bmy rodzinn\u0105 firm\u0105 i od ponad 18 lat oferujemy wynajem autokar\u00f3w oraz przewozy pasa\u017cerskie. <\/span><span style=\"vertical-align: inherit;\">Ofert\u0119 transportow\u0105 kierujemy\u00a0 do grup, firm, szk\u00f3\u0142 jak i os\u00f3b indywidualnych. <\/span><span style=\"vertical-align: inherit;\">Nasze us\u0142ugi przewozowe na terenie Polski oraz ca\u0142ej Europy. <\/span><\/span><br \/><span style=\"vertical-align: inherit;\"><span style=\"vertical-align: inherit;\">Obs\u0142ugujemy i wsp\u00f3\u0142pracujemy z biurami turystycznymi, szko\u0142ami i zak\u0142adami pracy. <\/span><span style=\"vertical-align: inherit;\">Specjalizujemy si\u0119 w organizacji w organizacji szkolnych i przedszkolnych, ale z przyjemno\u015bci\u0105 podejmujemy r\u00f3wnie\u017c us\u0142ugi przewozu os\u00f3b prywatnych. <\/span><span style=\"vertical-align: inherit;\">Naszym klientom oferowanie bezpieczn\u0105 i komfortow\u0105 podr\u00f3\u017c.<\/span><\/span><\/p><\/div>\n\t\t\t\t<\/div>\n\t\t\t\t<\/div>\n\t\t\t\t\t\t<\/div>\n\t\t\t<\/div>\n\t\t<\/div>\n\t\t\t\t<div class=\"elementor-element elementor-element-09btodq elementor-column elementor-col-50 elementor-inner-column\" data-id=\"09btodq\" data-element_type=\"column\">\n\t\t\t<div class=\"elementor-column-wrap  elementor-element-populated\">\n\t\t\t\t\t<div class=\"elementor-widget-wrap\">\n\t\t\t\t<div class=\"elementor-element elementor-element-0f9df7c elementor-widget elementor-widget-heading\" data-id=\"0f9df7c\" data-element_type=\"widget\" data-widget_type=\"heading.default\">\n\t\t\t\t<div class=\"elementor-widget-container\">\n\t\t\t<h2 class=\"elementor-heading-title elementor-size-default\">Nasze us\u0142ugi <\/h2>\t\t<\/div>\n\t\t\t\t<\/div>\n\t\t\t\t<div class=\"elementor-element elementor-element-a6ab616 elementor-widget elementor-widget-text-editor\" data-id=\"a6ab616\" data-element_type=\"widget\" data-widget_type=\"text-editor.default\">\n\t\t\t\t<div class=\"elementor-widget-container\">\n\t\t\t\t\t<div class=\"elementor-text-editor elementor-clearfix\"><ul><li>wyjazdy integracyjne<\/li><li>wizyty studyjne<\/li><li>przejazdy dyplomatyczne<\/li><li>obs\u0142ug\u0119 delegacji<\/li><li>wyjazdy turystyczne i szkoleniowe<\/li><li>serwis VIP<\/li><li>wycieczki<\/li><li>konferencje<\/li><li>przejazdy na \u015bluby i wesela<\/li><li>wyjazdy na koncerty<\/li><li>wyjazdy na imprezy sportowe<\/li><li>pielgrzymki<\/li><li>przewozy pracownik\u00f3w<\/li><li>obs\u0142ug\u0119 imprez firmowych i rodzinnych<\/li><\/ul><\/div>\n\t\t\t\t<\/div>\n\t\t\t\t<\/div>\n\t\t\t\t\t\t<\/div>\n\t\t\t<\/div>\n\t\t<\/div>\n\t\t\t\t\t\t<\/div>\n\t\t\t<\/div>\n\t\t<\/section>\n\t\t\t\t<section class=\"elementor-element elementor-element-zujq4gz elementor-section-boxed elementor-section-height-default elementor-section-height-default elementor-section elementor-inner-section\" data-id=\"zujq4gz\" data-element_type=\"section\">\n\t\t\t\t\t\t<div class=\"elementor-container elementor-column-gap-default\">\n\t\t\t\t<div class=\"elementor-row\">\n\t\t\t\t<div class=\"elementor-element elementor-element-y3khmp7 elementor-column elementor-col-33 elementor-inner-column\" data-id=\"y3khmp7\" data-element_type=\"column\">\n\t\t\t<div class=\"elementor-column-wrap  elementor-element-populated\">\n\t\t\t\t\t<div class=\"elementor-widget-wrap\">\n\t\t\t\t<div class=\"elementor-element elementor-element-c7qy9hx elementor-position-left elementor-vertical-align-top elementor-widget elementor-widget-image-box\" data-id=\"c7qy9hx\" data-element_type=\"widget\" data-widget_type=\"image-box.default\">\n\t\t\t\t<div class=\"elementor-widget-container\">\n\t\t\t<div class=\"elementor-image-box-wrapper\"><div class=\"elementor-image-box-content\"><h4 class=\"elementor-image-box-title\">Przewozy osobowe <\/h4><p class=\"elementor-image-box-description\">Przewozy krajowe i zagraniczne po ca\u0142ej europie!<br>Odwiedzili\u015bmy ju\u017c m. in.: Niemcy, Austri\u0119, W\u0142ochy, Szwajcari\u0119, Czechy, W\u0119gry, S\u0142oweni\u0119, S\u0142owacj\u0119<\/p><\/div><\/div>\t\t<\/div>\n\t\t\t\t<\/div>\n\t\t\t\t\t\t<\/div>\n\t\t\t<\/div>\n\t\t<\/div>\n\t\t\t\t<div class=\"elementor-element elementor-element-oasw277 elementor-column elementor-col-33 elementor-inner-column\" data-id=\"oasw277\" data-element_type=\"column\">\n\t\t\t<div class=\"elementor-column-wrap  elementor-element-populated\">\n\t\t\t\t\t<div class=\"elementor-widget-wrap\">\n\t\t\t\t<div class=\"elementor-element elementor-element-de670bd elementor-position-left elementor-vertical-align-top elementor-widget elementor-widget-image-box\" data-id=\"de670bd\" data-element_type=\"widget\" data-widget_type=\"image-box.default\">\n\t\t\t\t<div class=\"elementor-widget-container\">\n\t\t\t<div class=\"elementor-image-box-wrapper\"><div class=\"elementor-image-box-content\"><h4 class=\"elementor-image-box-title\">Wynajem aurokar\u00f3w<\/h4><p class=\"elementor-image-box-description\">Posiadamy flot\u0119 autokar\u00f3w i bus\u00f3w<br> <li> Setra 415 GT HD 55 miejsc Euro V 2010r.<br><li> Irisbus Iliade 55 miejsc Euro III 2005r.<br><li> Iveco Cuby 33 miejsca Euro VI 2018r.<br><li> Iveco Daily 24 miejsca Euro VI 2019r. <br><li> Iveco Daily 21 mijesc Euro III 2006r.<br><li> Iveco Daily 20 mijesc Euro III 2006r.    <\/p><\/div><\/div>\t\t<\/div>\n\t\t\t\t<\/div>\n\t\t\t\t\t\t<\/div>\n\t\t\t<\/div>\n\t\t<\/div>\n\t\t\t\t<div class=\"elementor-element elementor-element-cnd4td5 elementor-column elementor-col-33 elementor-inner-column\" data-id=\"cnd4td5\" data-element_type=\"column\">\n\t\t\t<div class=\"elementor-column-wrap  elementor-element-populated\">\n\t\t\t\t\t<div class=\"elementor-widget-wrap\">\n\t\t\t\t<div class=\"elementor-element elementor-element-b8e4fcb elementor-position-left elementor-vertical-align-top elementor-widget elementor-widget-image-box\" data-id=\"b8e4fcb\" data-element_type=\"widget\" data-widget_type=\"image-box.default\">\n\t\t\t\t<div class=\"elementor-widget-container\">\n\t\t\t<div class=\"elementor-image-box-wrapper\"><div class=\"elementor-image-box-content\"><h4 class=\"elementor-image-box-title\">Regularne trasy<\/h4><p class=\"elementor-image-box-description\">Realizujemy przewozy na liniach regularnych:<br><li>\u015awidnica- Ksi\u0105\u017cnica- Dzier\u017coni\u00f3w<br><li>\u015awidnica- Dobromierz- Jawor<br><\/p><\/div><\/div>\t\t<\/div>\n\t\t\t\t<\/div>\n\t\t\t\t\t\t<\/div>\n\t\t\t<\/div>\n\t\t<\/div>\n\t\t\t\t\t\t<\/div>\n\t\t\t<\/div>\n\t\t<\/section>\n\t\t\t\t\t\t<\/div>\n\t\t\t<\/div>\n\t\t<\/div>\n\t\t\t\t\t\t<\/div>\n\t\t\t<\/div>\n\t\t<\/section>\n\t\t\t\t\t\t<\/div>\n\t\t\t<\/div>\n\t\t<\/div>\n\t\t","protected":false},"excerpt":{"rendered":"<p>Zapraszamy na wycieczk\u0119 z nami do pi\u0119knego Mu\u017cakowa ju\u017c 20.06.2026r Wi\u0119cej informacji poni\u017cej\u00a0 MU\u017bAK\u00d3W 20.06.2026r. NOWY CENNIK POBIERZ Profesjonalne przewozy pasa\u017cerskie Specjalizujemy si\u0119 w transporcie krajowym i zagranicznym spe\u0142niaj\u0105c wszelkie standardy Skontaktuj si\u0119 z nami Facebook- polub nas O nas Jeste\u015bmy rodzinn\u0105 firm\u0105 i od ponad 18 lat oferujemy wynajem autokar\u00f3w oraz przewozy pasa\u017cerskie. Ofert\u0119 &hellip;<\/p>\n<p class=\"read-more\"> <a class=\"\" href=\"http:\/\/fkpro.pl\/\"> <span class=\"screen-reader-text\">G\u0142\u00f3wna<\/span> Read More &raquo;<\/a><\/p>\n","protected":false},"author":1,"featured_media":0,"parent":0,"menu_order":0,"comment_status":"closed","ping_status":"open","template":"","meta":{"footnotes":""},"yoast_head":"<!-- This site is optimized with the Yoast SEO plugin v14.1 - https:\/\/yoast.com\/wordpress\/plugins\/seo\/ -->\n<title>G\u0142\u00f3wna - FKPRO<\/title>\n<meta name=\"robots\" content=\"index, follow\" \/>\n<meta name=\"googlebot\" content=\"index, follow, max-snippet:-1, max-image-preview:large, max-video-preview:-1\" \/>\n<meta name=\"bingbot\" content=\"index, follow, max-snippet:-1, max-image-preview:large, max-video-preview:-1\" \/>\n<link rel=\"canonical\" href=\"http:\/\/fkpro.pl\/\" \/>\n<meta property=\"og:locale\" content=\"en_US\" \/>\n<meta property=\"og:type\" content=\"article\" \/>\n<meta property=\"og:title\" content=\"G\u0142\u00f3wna - FKPRO\" \/>\n<meta property=\"og:description\" content=\"Zapraszamy na wycieczk\u0119 z nami do pi\u0119knego Mu\u017cakowa ju\u017c 20.06.2026r Wi\u0119cej informacji poni\u017cej\u00a0 MU\u017bAK\u00d3W 20.06.2026r. NOWY CENNIK POBIERZ Profesjonalne przewozy pasa\u017cerskie Specjalizujemy si\u0119 w transporcie krajowym i zagranicznym spe\u0142niaj\u0105c wszelkie standardy Skontaktuj si\u0119 z nami Facebook- polub nas O nas Jeste\u015bmy rodzinn\u0105 firm\u0105 i od ponad 18 lat oferujemy wynajem autokar\u00f3w oraz przewozy pasa\u017cerskie. Ofert\u0119 &hellip; G\u0142\u00f3wna Read More &raquo;\" \/>\n<meta property=\"og:url\" content=\"http:\/\/fkpro.pl\/\" \/>\n<meta property=\"og:site_name\" content=\"FKPRO\" \/>\n<meta property=\"article:modified_time\" content=\"2026-04-20T17:18:11+00:00\" \/>\n<meta name=\"twitter:card\" content=\"summary_large_image\" \/>\n<script type=\"application\/ld+json\" class=\"yoast-schema-graph\">{\"@context\":\"https:\/\/schema.org\",\"@graph\":[{\"@type\":\"WebSite\",\"@id\":\"http:\/\/fkpro.pl\/#website\",\"url\":\"http:\/\/fkpro.pl\/\",\"name\":\"FKPRO\",\"description\":\"FKPRO \",\"potentialAction\":[{\"@type\":\"SearchAction\",\"target\":\"http:\/\/fkpro.pl\/?s={search_term_string}\",\"query-input\":\"required name=search_term_string\"}],\"inLanguage\":\"en-US\"},{\"@type\":\"WebPage\",\"@id\":\"http:\/\/fkpro.pl\/#webpage\",\"url\":\"http:\/\/fkpro.pl\/\",\"name\":\"G\\u0142\\u00f3wna - FKPRO\",\"isPartOf\":{\"@id\":\"http:\/\/fkpro.pl\/#website\"},\"datePublished\":\"2017-07-11T08:54:31+00:00\",\"dateModified\":\"2026-04-20T17:18:11+00:00\",\"inLanguage\":\"en-US\",\"potentialAction\":[{\"@type\":\"ReadAction\",\"target\":[\"http:\/\/fkpro.pl\/\"]}]}]}<\/script>\n<!-- \/ Yoast SEO plugin. -->","_links":{"self":[{"href":"http:\/\/fkpro.pl\/index.php?rest_route=\/wp\/v2\/pages\/11"}],"collection":[{"href":"http:\/\/fkpro.pl\/index.php?rest_route=\/wp\/v2\/pages"}],"about":[{"href":"http:\/\/fkpro.pl\/index.php?rest_route=\/wp\/v2\/types\/page"}],"author":[{"embeddable":true,"href":"http:\/\/fkpro.pl\/index.php?rest_route=\/wp\/v2\/users\/1"}],"replies":[{"embeddable":true,"href":"http:\/\/fkpro.pl\/index.php?rest_route=%2Fwp%2Fv2%2Fcomments&post=11"}],"version-history":[{"count":50,"href":"http:\/\/fkpro.pl\/index.php?rest_route=\/wp\/v2\/pages\/11\/revisions"}],"predecessor-version":[{"id":1648,"href":"http:\/\/fkpro.pl\/index.php?rest_route=\/wp\/v2\/pages\/11\/revisions\/1648"}],"wp:attachment":[{"href":"http:\/\/fkpro.pl\/index.php?rest_route=%2Fwp%2Fv2%2Fmedia&parent=11"}],"curies":[{"name":"wp","href":"https:\/\/api.w.org\/{rel}","templated":true}]}}